{"id":1190,"date":"2017-11-21T14:43:18","date_gmt":"2017-11-21T14:43:18","guid":{"rendered":"http:\/\/peche-jonction.ch\/?page_id=1190"},"modified":"2017-11-24T09:13:16","modified_gmt":"2017-11-24T09:13:16","slug":"stage-de-peche","status":"publish","type":"page","link":"https:\/\/peche-jonction.ch\/?page_id=1190","title":{"rendered":"Stage de p\u00eache"},"content":{"rendered":"<p>[vc_row][vc_column][vc_cta h2=\u00a0\u00bbStage de p\u00eache \u00a0\u00bb add_button=\u00a0\u00bbbottom\u00a0\u00bb btn_title=\u00a0\u00bbDemander un stage\u00a0\u00bb btn_color=\u00a0\u00bbjuicy-pink\u00a0\u00bb btn_align=\u00a0\u00bbcenter\u00a0\u00bb btn_link=\u00a0\u00bburl:http%3A%2F%2Fpeche-jonction.ch%2F%3Fpage_id%3D299|||\u00a0\u00bb]Cours de p\u00eache\u00a0 FORMATION \u2013 EXPLICATION \u2013L\u00c9GISLATION<\/p>\n<p>Une journ\u00e9e de stage permet :<br \/>\nD&rsquo;apprendre ou de perfectionner sa technique,<br \/>\nDe d\u00e9couvrir les relations entre les poissons recherch\u00e9s et leurs proies<br \/>\nDe gagner du temps et d\u00e9couvrir des nouvelles pratiques et de nouveaux milieux.<br \/>\nDe passer un bon moment!<\/p>\n<p>Equipement et mat\u00e9riel n\u00e9cessaire fournis.<br \/>\nLa seule chose que vous devez ramener c&rsquo;est une tenue ad\u00e9quate et votre bonne humeur!!<\/p>\n<p>Dates et horaires des cours :<br \/>\nTous les Mercredis &#8211; Vendredis \u2013 Samedi<br \/>\nDe 18H00 \u00e0 20H00<br \/>\n\u00c0 La Jonction \u2013 Gen\u00e8ve<\/p>\n<p>Prix de l&rsquo;abonnement :<br \/>\n1 jour par semaine 50.-\/Mois<br \/>\n2 jours par semaine 60.-\/Mois<br \/>\n3 Jours par semaine 70.-\/Mois<\/p>\n<p>Me Contacter :<br \/>\nEmail : AquilinoCoviello-Peche-Jonction@Bluewin.ch<br \/>\nNum\u00e9ro de t\u00e9l\u00e9phone : +41 79.178.53.76<\/p>\n<p>[\/vc_cta][\/vc_column][\/vc_row]<\/p>\n","protected":false},"excerpt":{"rendered":"<p>[vc_row][vc_column][vc_cta h2=\u00a0\u00bbStage de p\u00eache \u00a0\u00bb add_button=\u00a0\u00bbbottom\u00a0\u00bb btn_title=\u00a0\u00bbDemander un stage\u00a0\u00bb btn_color=\u00a0\u00bbjuicy-pink\u00a0\u00bb btn_align=\u00a0\u00bbcenter\u00a0\u00bb btn_link=\u00a0\u00bburl:http%3A%2F%2Fpeche-jonction.ch%2F%3Fpage_id%3D299|||\u00a0\u00bb]Cours de p\u00eache\u00a0 FORMATION \u2013 EXPLICATION \u2013L\u00c9GISLATION Une journ\u00e9e de stage permet : D&rsquo;apprendre ou de perfectionner sa technique, De d\u00e9couvrir les relations entre les poissons recherch\u00e9s et leurs proies De gagner du temps et d\u00e9couvrir des nouvelles pratiques et de nouveaux milieux. De [&hellip;]<\/p>\n","protected":false},"author":2,"featured_media":0,"parent":0,"menu_order":0,"comment_status":"closed","ping_status":"closed","template":"","meta":[],"_links":{"self":[{"href":"https:\/\/peche-jonction.ch\/index.php?rest_route=\/wp\/v2\/pages\/1190"}],"collection":[{"href":"https:\/\/peche-jonction.ch\/index.php?rest_route=\/wp\/v2\/pages"}],"about":[{"href":"https:\/\/peche-jonction.ch\/index.php?rest_route=\/wp\/v2\/types\/page"}],"author":[{"embeddable":true,"href":"https:\/\/peche-jonction.ch\/index.php?rest_route=\/wp\/v2\/users\/2"}],"replies":[{"embeddable":true,"href":"https:\/\/peche-jonction.ch\/index.php?rest_route=%2Fwp%2Fv2%2Fcomments&post=1190"}],"version-history":[{"count":7,"href":"https:\/\/peche-jonction.ch\/index.php?rest_route=\/wp\/v2\/pages\/1190\/revisions"}],"predecessor-version":[{"id":1193,"href":"https:\/\/peche-jonction.ch\/index.php?rest_route=\/wp\/v2\/pages\/1190\/revisions\/1193"}],"wp:attachment":[{"href":"https:\/\/peche-jonction.ch\/index.php?rest_route=%2Fwp%2Fv2%2Fmedia&parent=1190"}],"curies":[{"name":"wp","href":"https:\/\/api.w.org\/{rel}","templated":true}]}}