{"id":142,"date":"2016-01-14T12:37:37","date_gmt":"2016-01-14T12:37:37","guid":{"rendered":"http:\/\/peche-jonction.ch\/?page_id=142"},"modified":"2017-11-24T09:11:40","modified_gmt":"2017-11-24T09:11:40","slug":"about-city","status":"publish","type":"page","link":"https:\/\/peche-jonction.ch\/?page_id=142","title":{"rendered":"\u00c0 propos de peche jonction"},"content":{"rendered":"<p>[vc_row full_width=\u00a0\u00bbstretch_row_content_no_spaces\u00a0\u00bb][vc_column]<div class=\"sc_section aligncenter\" style=\"background: linear-gradient(to bottom, #f3f3f3, #dde3e8);\"><div class=\"sc_section_inner\"><div class=\"sc_content content_wrap\">[vc_empty_space][vc_cta h2=\u00a0\u00bb\u00a0\u00bb txt_align=\u00a0\u00bbcenter\u00a0\u00bb shape=\u00a0\u00bbsquare\u00a0\u00bb style=\u00a0\u00bbflat\u00a0\u00bb color=\u00a0\u00bbwhite\u00a0\u00bb]<\/p>\n<p style=\"text-align: left;\">Je me nomme Aquilino Coviello,<br \/>\nMon hobby\u00a0? La p\u00eache\u00a0!!<br \/>\nJe p\u00eache depuis 1999, c\u2019est une r\u00e9elle passion.<br \/>\nLes poissons que je p\u00eache le plus couramment\u00a0sont :<br \/>\nLe fario, Le brochet, Le barbeau, Le silure, etc\u2026.<br \/>\nJe vous initierai ou vous perfectionnerai \u00e0 des techniques de p\u00eache efficaces\u00a0comme le drop shot, la p\u00eache \u00e0 la sonde ou canin pour le cor\u00e9gone ou l\u2019omble chevalier mais aussi sur les techniques de p\u00eache en bateau d\u00e9rivant avec des leurres durs (jerking, cranking, lin\u00e9aire\u2026) et souples (lin\u00e9aire, traction, verticale\u2026) pour la perche et le brochet.<br \/>\n\u00catre au bord de l\u2019eau, cela m\u2019apaise, me permet de r\u00e9fl\u00e9chir, d\u2019\u00e9vacuer tout le stress qu\u2019on peu accumuler pendant les jours d\u2019avant, un bon moment de d\u00e9tente. C\u2019est aussi un tr\u00e8s grand exercice de patience!<br \/>\nJe me dois de vous faire aimer la p\u00eache, c\u2019est pour moi de loin le plus beau des loisirs! J\u2019aimerais vous transmettre mon savoir, mes connaissances, que j\u2019ai acquises depuis plus de 18 ans maintenant.<br \/>\nJe vais vous initier \u00e0 plusieurs mani\u00e8re de p\u00eacher : Au lanc\u00e9, au bouchon, au vif en plomb\u00e9e, au leurre le vengeron, etc.\u2026<br \/>\nEsp\u00e9rant vous faire d\u00e9couvrir tous les meilleurs coins de p\u00eaches de la jonction, tout en passant un moment agr\u00e9able<br \/>\nJe vais vous faire part d\u2019une petite Anecdote\u00a0:<br \/>\nL\u2019ann\u00e9e pr\u00e9c\u00e9dente j\u2019ai p\u00each\u00e9 un \u00e9norme Brochet (1.70m), Je ne me suis pas laiss\u00e9 impressionn\u00e9, au bout de 3h30 d\u2019un combat sans rel\u00e2ches, je l\u2019ai enfin sorti, j\u2019\u00e9tais fi\u00e8re de moi, m\u00eame tr\u00e8s satisfait\u00a0! C\u2019est tout de m\u00eame un poisson tr\u00e8s nerveux compar\u00e9 \u00e0 la truite ou le Brochet.<br \/>\nBien Evidemment nous pouvons \u00eatre seul pour p\u00eacher, mais au d\u00e9but c\u2019est bien plus sympa d\u2019\u00eatre \u00e0 plusieurs\u00a0!<\/p>\n<p style=\"text-align: left;\">Merci de votre attention et \u00e0 bient\u00f4t\u00a0!<\/p>\n<p style=\"text-align: right;\">Aquilino Coviello<\/p>\n<p>[\/vc_cta][vc_empty_space]<\/div><\/div><\/div>[\/vc_column][\/vc_row]<\/p>\n","protected":false},"excerpt":{"rendered":"<p>[vc_row full_width=\u00a0\u00bbstretch_row_content_no_spaces\u00a0\u00bb][vc_column][\/vc_column][\/vc_row]<\/p>\n","protected":false},"author":2,"featured_media":0,"parent":0,"menu_order":0,"comment_status":"closed","ping_status":"closed","template":"","meta":[],"_links":{"self":[{"href":"https:\/\/peche-jonction.ch\/index.php?rest_route=\/wp\/v2\/pages\/142"}],"collection":[{"href":"https:\/\/peche-jonction.ch\/index.php?rest_route=\/wp\/v2\/pages"}],"about":[{"href":"https:\/\/peche-jonction.ch\/index.php?rest_route=\/wp\/v2\/types\/page"}],"author":[{"embeddable":true,"href":"https:\/\/peche-jonction.ch\/index.php?rest_route=\/wp\/v2\/users\/2"}],"replies":[{"embeddable":true,"href":"https:\/\/peche-jonction.ch\/index.php?rest_route=%2Fwp%2Fv2%2Fcomments&post=142"}],"version-history":[{"count":16,"href":"https:\/\/peche-jonction.ch\/index.php?rest_route=\/wp\/v2\/pages\/142\/revisions"}],"predecessor-version":[{"id":1200,"href":"https:\/\/peche-jonction.ch\/index.php?rest_route=\/wp\/v2\/pages\/142\/revisions\/1200"}],"wp:attachment":[{"href":"https:\/\/peche-jonction.ch\/index.php?rest_route=%2Fwp%2Fv2%2Fmedia&parent=142"}],"curies":[{"name":"wp","href":"https:\/\/api.w.org\/{rel}","templated":true}]}}